{"id":9,"date":"2025-11-20T12:35:34","date_gmt":"2025-11-20T12:35:34","guid":{"rendered":"https:\/\/eyeland.at\/?page_id=9"},"modified":"2026-01-22T10:42:47","modified_gmt":"2026-01-22T10:42:47","slug":"eyeland","status":"publish","type":"page","link":"https:\/\/eyeland.at\/","title":{"rendered":"eyeland"},"content":{"rendered":"\t\t<div data-elementor-type=\"wp-page\" data-elementor-id=\"9\" class=\"elementor elementor-9\">\n\t\t\t\t<div class=\"elementor-element elementor-element-f0ff2af e-con-full e-flex e-con e-parent\" data-id=\"f0ff2af\" data-element_type=\"container\" data-e-type=\"container\" data-settings=\"{&quot;background_background&quot;:&quot;classic&quot;}\">\n\t\t\t\t<div class=\"elementor-element elementor-element-c282267 animated-slow elementor-view-default elementor-invisible elementor-widget elementor-widget-icon\" data-id=\"c282267\" data-element_type=\"widget\" data-e-type=\"widget\" data-settings=\"{&quot;_animation&quot;:&quot;fadeIn&quot;,&quot;_animation_delay&quot;:600}\" data-widget_type=\"icon.default\">\n\t\t\t\t\t\t\t<div class=\"elementor-icon-wrapper\">\n\t\t\t<div class=\"elementor-icon\">\n\t\t\t<svg xmlns=\"http:\/\/www.w3.org\/2000\/svg\" id=\"Ebene_1\" data-name=\"Ebene 1\" viewBox=\"0 0 595.28 841.89\"><defs><style>      .cls-1 {        fill: #cfbe5e;      }    <\/style><\/defs><path class=\"cls-1\" d=\"M532.85,693.27h3.82c1.85,0,3.21.29,4.08.88.87.58,1.31,1.52,1.31,2.8s-.45,2.22-1.34,2.8c-.89.58-2.27.87-4.14.85h-3.73v-7.33ZM537.21,703.27c2.48,0,4.39-.58,5.7-1.74,1.32-1.16,1.97-2.7,1.97-4.63,0-1.02-.2-1.95-.6-2.79-.4-.84-.96-1.52-1.66-2.06-.7-.53-1.53-.91-2.48-1.13-.96-.22-2.71-.34-5.26-.34h-4.78v23.32h2.74v-10.64h.96l8.22,10.64h3.44l-8.25-10.64ZM524.15,690.59h-2.71v14.02c0,1.74-.12,3.05-.37,3.93-.24.88-.79,1.66-1.62,2.33s-1.83,1-2.98,1c-.96,0-1.81-.19-2.57-.56-.75-.37-1.33-.87-1.74-1.5-.4-.63-.65-1.28-.73-1.94-.09-.67-.13-1.76-.13-3.26v-14.02h-2.74v14.02c0,2.4.15,4.06.45,4.99.3.92.79,1.76,1.48,2.52.69.75,1.56,1.34,2.6,1.75,1.04.41,2.21.62,3.5.62,1.64,0,3.06-.42,4.28-1.27,1.22-.85,2.07-1.91,2.55-3.17.48-1.26.72-3.07.72-5.43v-14.02ZM505.01,690.59h-13v2.68h5.13v20.64h2.77v-20.64h5.1v-2.68ZM478.92,701.07l11.24-10.48h-3.76l-8.79,8.28v-8.28h-2.8v23.32h2.8v-10.32l9.72,10.32h3.63l-12.04-12.84ZM456.33,703.33l3.57-7.87,3.54,7.87h-7.1ZM460.32,689.67h-.83l-11.02,24.24h3.03l3.57-7.8h9.62l3.6,7.8h2.9l-10.86-24.24ZM446.43,699.99h-9.17v-6.69h9.17v-2.71h-11.91v23.32h2.74v-11.21h9.17v-2.71ZM428.68,690.59h-2.71v14.02c0,1.74-.12,3.05-.37,3.93-.24.88-.79,1.66-1.62,2.33-.84.67-1.83,1-2.98,1-.96,0-1.81-.19-2.56-.56-.75-.37-1.33-.87-1.74-1.5-.4-.63-.65-1.28-.73-1.94-.08-.67-.13-1.76-.13-3.26v-14.02h-2.74v14.02c0,2.4.15,4.06.45,4.99.3.92.79,1.76,1.48,2.52.69.75,1.55,1.34,2.6,1.75,1.04.41,2.21.62,3.5.62,1.64,0,3.06-.42,4.28-1.27,1.22-.85,2.07-1.91,2.55-3.17.48-1.26.72-3.07.72-5.43v-14.02ZM407.25,690.59h-2.71v17.14l-14.88-17.14h-.83v23.32h2.8v-16.91l14.78,16.91h.83v-23.32ZM370.33,703.33l3.57-7.87,3.54,7.87h-7.1ZM374.31,689.67h-.83l-11.02,24.24h3.03l3.57-7.8h9.62l3.6,7.8h2.9l-10.86-24.24ZM356.57,690.59h-.67l-9.11,18.51-9.17-18.51h-.67l-3.31,23.32h2.64l2.17-15.99,7.93,15.99h.83l7.84-15.86,2.17,15.86h2.71l-3.34-23.32ZM328.92,690.59h-2.71v17.14l-14.88-17.14h-.83v23.32h2.8v-16.91l14.78,16.91h.83v-23.32ZM306.36,690.59h-13.57v23.32h13.47v-2.71h-10.73v-8.54h10.73v-2.68h-10.73v-6.69h10.83v-2.71ZM288.97,711.27h-8.79v-20.67h-2.77v23.32h11.56v-2.64ZM273.62,711.27h-8.79v-20.67h-2.77v23.32h11.56v-2.64ZM256.64,690.59h-2.74v23.32h2.74v-23.32ZM237.11,693.27h3.82c1.85,0,3.21.29,4.08.88.87.58,1.31,1.52,1.31,2.8s-.45,2.22-1.34,2.8c-.89.58-2.27.87-4.14.85h-3.73v-7.33ZM241.47,703.27c2.49,0,4.38-.58,5.7-1.74,1.32-1.16,1.98-2.7,1.98-4.63,0-1.02-.2-1.95-.61-2.79-.4-.84-.96-1.52-1.66-2.06-.7-.53-1.53-.91-2.48-1.13-.96-.22-2.71-.34-5.26-.34h-4.78v23.32h2.74v-10.64h.95l8.22,10.64h3.44l-8.25-10.64ZM218.09,702.89h1.05c1.97,0,3.34.1,4.09.3s1.39.5,1.91.91c.52.4.91.86,1.18,1.38.26.52.4,1.12.4,1.8s-.22,1.35-.67,2.01c-.45.66-1.04,1.15-1.78,1.46-.74.32-1.93.48-3.57.48h-2.61v-8.35ZM218.09,693.27h2.42c2.91,0,4.36,1.05,4.36,3.15,0,1.29-.47,2.24-1.42,2.83-.94.59-2.37.89-4.28.89h-1.08v-6.88ZM227.68,696.42c0-1.87-.64-3.31-1.93-4.32-1.29-1.01-3.16-1.51-5.62-1.51h-4.75v23.32h6.53c2.27,0,4.11-.64,5.53-1.93,1.41-1.29,2.12-2.9,2.12-4.86,0-1.4-.38-2.61-1.13-3.63-.76-1.02-1.88-1.8-3.36-2.36,1.74-1.1,2.61-2.68,2.61-4.71M202.61,690.59h-13.57v23.32h13.47v-2.71h-10.74v-8.54h10.74v-2.68h-10.74v-6.69h10.83v-2.71ZM183.59,690.59h-2.74v23.32h2.74v-23.32ZM159.48,693.27h1.4c2.61,0,4.62.13,6.02.4,1.4.27,2.62.8,3.66,1.59,1.04.8,1.84,1.83,2.4,3.09.56,1.26.84,2.64.84,4.12s-.24,2.8-.72,3.93c-.48,1.14-1.17,2.1-2.09,2.88-.91.79-1.99,1.32-3.22,1.59-1.23.28-3.2.41-5.89.41h-2.42v-18.03ZM156.84,713.91h7.52c3.12,0,5.49-.49,7.12-1.48,1.62-.99,2.88-2.36,3.76-4.11s1.32-3.62,1.32-5.59-.3-3.72-.89-5.22c-.59-1.51-1.45-2.79-2.56-3.84-1.12-1.05-2.44-1.83-3.97-2.33-1.53-.5-3.97-.75-7.33-.75h-4.97v23.32Z\"><\/path><path class=\"cls-1\" d=\"M531.11,660.77c-4.82,4.63-10.42,6.95-16.78,6.95s-11.89-2.45-16.56-7.35c-4.67-4.9-7.01-10.64-7.01-17.23s2.28-12.32,6.84-17.18c4.56-4.86,10.23-7.29,17.01-7.29s12.43,2.37,16.95,7.12c4.52,4.75,6.78,10.55,6.78,17.4s-2.41,12.94-7.23,17.57M537.89,589.63v34.13c-6.1-8.36-14.05-12.54-23.85-12.54-8.51,0-15.82,3.11-21.92,9.32-6.1,6.22-9.15,13.69-9.15,22.43s3.01,16.24,9.04,22.49c6.03,6.25,13.47,9.38,22.32,9.38s16.71-4.11,23.56-12.32v10.29h7.57v-83.18h-7.57ZM412.25,672.8h7.8v-22.04c0-8.21.34-13.67,1.02-16.39.68-2.71,2-5.35,3.96-7.91,1.96-2.56,4.33-4.56,7.12-5.99,2.79-1.43,5.63-2.15,8.53-2.15s5.37.45,7.4,1.36c2.04.9,3.71,2.22,5.03,3.96,1.32,1.73,2.3,3.84,2.94,6.33.64,2.49.96,7.23.96,14.24v28.59h7.68v-30.85c0-7.68-.75-13.5-2.26-17.46-1.51-3.96-4.07-7.16-7.68-9.61-3.62-2.45-7.68-3.67-12.2-3.67-8.82,0-16.31,4.11-22.49,12.32v-10.74h-7.8v60.01ZM376.04,660.71c-4.67,4.67-10.27,7.01-16.78,7.01s-12.11-2.43-16.78-7.29c-4.67-4.86-7.01-10.6-7.01-17.24s2.3-12.38,6.89-17.23c4.59-4.86,10.23-7.29,16.89-7.29s12.3,2.35,16.9,7.06c4.6,4.71,6.89,10.49,6.89,17.35s-2.34,12.96-7.01,17.63M382.59,612.79v10.96c-6.1-8.36-14.05-12.54-23.85-12.54-8.51,0-15.82,3.11-21.92,9.32-6.1,6.22-9.15,13.68-9.15,22.38s3.03,16.2,9.1,22.49c6.06,6.29,13.51,9.44,22.32,9.44s16.65-4.11,23.51-12.32v10.29h7.57v-60.01h-7.57ZM301.63,672.8h7.68v-83.18h-7.68v83.18ZM267.23,647.23c1.46,1.51,3.27,2.26,5.42,2.26s4-.78,5.55-2.32c1.55-1.55,2.33-3.4,2.33-5.55s-.76-3.98-2.26-5.49c-1.51-1.51-3.36-2.26-5.55-2.26s-4.03.73-5.49,2.2c-1.47,1.46-2.2,3.32-2.2,5.55s.73,4.11,2.2,5.62M194.23,636.98c3.46-12.21,10.85-18.31,22.15-18.31,5.5,0,10.36,1.62,14.58,4.86,4.22,3.24,6.86,7.72,7.91,13.45h-44.64ZM216.04,667.72c-6.18,0-11.43-2.2-15.76-6.61-4.33-4.41-6.61-10.23-6.84-17.46h54.02c-.23-10.02-3.3-17.93-9.21-23.73-5.91-5.8-13.22-8.7-21.92-8.7s-16.01,3.13-21.93,9.38c-5.91,6.25-8.87,13.75-8.87,22.49s2.94,16.22,8.81,22.43c5.88,6.22,13.34,9.32,22.38,9.32,12.66,0,22.22-6.03,28.71-18.08l-6.55-3.39c-5.05,9.57-12.66,14.35-22.83,14.35M144.72,668.28l-11.53,26.45h8.14l35.82-81.93h-8.25l-20,46.22-20.68-46.22h-8.14l24.64,55.49ZM58.51,636.98c3.46-12.21,10.85-18.31,22.15-18.31,5.5,0,10.36,1.62,14.58,4.86,4.22,3.24,6.85,7.72,7.91,13.45h-44.64ZM80.33,667.72c-6.18,0-11.43-2.2-15.77-6.61-4.33-4.41-6.61-10.23-6.84-17.46h54.02c-.23-10.02-3.3-17.93-9.21-23.73-5.92-5.8-13.22-8.7-21.92-8.7s-16.01,3.13-21.92,9.38c-5.91,6.25-8.87,13.75-8.87,22.49s2.94,16.22,8.81,22.43c5.88,6.22,13.33,9.32,22.38,9.32,12.66,0,22.23-6.03,28.71-18.08l-6.55-3.39c-5.05,9.57-12.66,14.35-22.83,14.35\"><\/path><path class=\"cls-1\" d=\"M298.53,557.76c-57.48,0-111.51-22.38-152.15-63.02s-63.02-94.68-63.02-152.15,22.38-111.51,63.02-152.15,94.68-63.02,152.15-63.02,111.51,22.38,152.15,63.02,63.02,94.68,63.02,152.15-22.38,111.51-63.02,152.15-94.68,63.02-152.15,63.02ZM298.53,138.78c-112.38,0-203.81,91.43-203.81,203.81s91.43,203.81,203.81,203.81,203.81-91.43,203.81-203.81-91.43-203.81-203.81-203.81ZM298.41,457.52c-27.01,0-54.07-9.81-75.33-29.64-19.01-17.72-31.13-41.9-34.14-68.09l-.73-6.33h13.02l.59,5.03c2.69,23.06,13.38,44.34,30.1,59.93,39.35,36.69,101.21,34.53,137.91-4.82,14.23-15.26,23.03-34.31,25.46-55.08l.6-5.11,12.99.22-.72,6.23c-2.72,23.6-12.7,45.24-28.86,62.57-21.73,23.3-51.26,35.09-80.86,35.09ZM298.18,412.18c-17.02,0-34.07-6.18-47.47-18.67-8.56-7.98-14.77-17.85-18.46-29.35l-2.39-7.42h12.94l1.28,3.92c3.06,9.37,8.12,17.39,15.04,23.84,11.17,10.42,25.75,15.86,41.08,15.33,15.32-.53,29.49-6.98,39.91-18.16,5.52-5.92,9.66-12.99,12.3-21.02l1.29-3.91h12.94l-2.4,7.43c-3.19,9.85-8.27,18.57-15.11,25.9-13.69,14.68-32.3,22.11-50.95,22.11ZM457.04,346.97H139.77v-5.53c-.01-.17-.02-.33-.02-.5,0-87.48,71.17-158.65,158.65-158.65s158.65,71.17,158.65,158.65c0,.17,0,.33-.02.5v5.53ZM151.22,335.6h294.38c-2.82-78.75-67.77-141.94-147.19-141.94s-144.36,63.2-147.19,141.94Z\"><\/path><path class=\"cls-1\" d=\"M266.4,342.58c0-17.74,14.38-32.12,32.12-32.12s32.12,14.38,32.12,32.12-14.38,32.12-32.12,32.12-32.12-14.38-32.12-32.12\"><\/path><\/svg>\t\t\t<\/div>\n\t\t<\/div>\n\t\t\t\t\t\t<\/div>\n\t\t\t\t<\/div>\n\t\t<div class=\"elementor-element elementor-element-7221a63 e-flex e-con-boxed e-con e-parent\" data-id=\"7221a63\" data-element_type=\"container\" data-e-type=\"container\">\n\t\t\t\t\t<div class=\"e-con-inner\">\n\t\t\t\t<div class=\"elementor-element elementor-element-522e98a elementor-widget elementor-widget-spacer\" data-id=\"522e98a\" data-element_type=\"widget\" data-e-type=\"widget\" data-widget_type=\"spacer.default\">\n\t\t\t\t\t\t\t<div class=\"elementor-spacer\">\n\t\t\t<div class=\"elementor-spacer-inner\"><\/div>\n\t\t<\/div>\n\t\t\t\t\t\t<\/div>\n\t\t\t\t\t<\/div>\n\t\t\t\t<\/div>\n\t\t<div class=\"elementor-element elementor-element-1be560f elementor-hidden-tablet elementor-hidden-mobile e-flex e-con-boxed e-con e-parent\" data-id=\"1be560f\" data-element_type=\"container\" data-e-type=\"container\">\n\t\t\t\t\t<div class=\"e-con-inner\">\n\t\t<div class=\"elementor-element elementor-element-19fd6e2 e-con-full e-flex elementor-invisible e-con e-child\" data-id=\"19fd6e2\" data-element_type=\"container\" data-e-type=\"container\" data-settings=\"{&quot;background_background&quot;:&quot;classic&quot;,&quot;animation&quot;:&quot;fadeInLeft&quot;}\">\n\t\t\t\t<\/div>\n\t\t<div class=\"elementor-element elementor-element-3495866 e-con-full e-flex e-con e-child\" data-id=\"3495866\" data-element_type=\"container\" data-e-type=\"container\">\n\t\t\t\t<div class=\"elementor-element elementor-element-e06112c elementor-invisible elementor-widget elementor-widget-heading\" data-id=\"e06112c\" data-element_type=\"widget\" data-e-type=\"widget\" data-settings=\"{&quot;_animation&quot;:&quot;fadeInRight&quot;,&quot;_animation_delay&quot;:300}\" data-widget_type=\"heading.default\">\n\t\t\t\t\t<h2 class=\"elementor-heading-title elementor-size-default\">Willkommen bei Eyeland \u2013<\/h2>\t\t\t\t<\/div>\n\t\t\t\t<div class=\"elementor-element elementor-element-bf4956d elementor-invisible elementor-widget elementor-widget-heading\" data-id=\"bf4956d\" data-element_type=\"widget\" data-e-type=\"widget\" data-settings=\"{&quot;_animation&quot;:&quot;fadeInRight&quot;,&quot;_animation_delay&quot;:300}\" data-widget_type=\"heading.default\">\n\t\t\t\t\t<h2 class=\"elementor-heading-title elementor-size-default\">Ihrem neuen Ort f\u00fcr hochwertige Brillen und echte Handwerkskunst<\/h2>\t\t\t\t<\/div>\n\t\t\t\t<div class=\"elementor-element elementor-element-756601c elementor-invisible elementor-widget elementor-widget-text-editor\" data-id=\"756601c\" data-element_type=\"widget\" data-e-type=\"widget\" data-settings=\"{&quot;_animation&quot;:&quot;fadeInUp&quot;,&quot;_animation_delay&quot;:600}\" data-widget_type=\"text-editor.default\">\n\t\t\t\t\t\t\t\t\t<p>Eyeland ist ein Teil unseres Familienunternehmens, das seit \u00fcber 25 Jahren in der Optikbranche verwurzelt ist. Aus dieser langj\u00e4hrigen Erfahrung entstand der Wunsch, unsere eigenen Kreationen aus Gro\u00dfhandel und eigener Produktion nicht nur Fachbetrieben, sondern direkt und pers\u00f6nlich auch Endkundinnen und Endkunden zug\u00e4nglich zu machen.<\/p>\t\t\t\t\t\t\t\t<\/div>\n\t\t\t\t<\/div>\n\t\t\t\t\t<\/div>\n\t\t\t\t<\/div>\n\t\t<div class=\"elementor-element elementor-element-0b37eb0 elementor-hidden-desktop e-flex e-con-boxed e-con e-parent\" data-id=\"0b37eb0\" data-element_type=\"container\" data-e-type=\"container\">\n\t\t\t\t\t<div class=\"e-con-inner\">\n\t\t<div class=\"elementor-element elementor-element-7114ba1 e-con-full e-flex e-con e-child\" data-id=\"7114ba1\" data-element_type=\"container\" data-e-type=\"container\">\n\t\t\t\t<div class=\"elementor-element elementor-element-7a8982f elementor-invisible elementor-widget elementor-widget-heading\" data-id=\"7a8982f\" data-element_type=\"widget\" data-e-type=\"widget\" data-settings=\"{&quot;_animation&quot;:&quot;fadeInRight&quot;,&quot;_animation_delay&quot;:300,&quot;_animation_mobile&quot;:&quot;fadeInLeft&quot;}\" data-widget_type=\"heading.default\">\n\t\t\t\t\t<h2 class=\"elementor-heading-title elementor-size-default\">Willkommen bei Eyeland \u2013<\/h2>\t\t\t\t<\/div>\n\t\t\t\t<div class=\"elementor-element elementor-element-a774155 elementor-invisible elementor-widget elementor-widget-heading\" data-id=\"a774155\" data-element_type=\"widget\" data-e-type=\"widget\" data-settings=\"{&quot;_animation&quot;:&quot;fadeInRight&quot;,&quot;_animation_delay&quot;:300,&quot;_animation_mobile&quot;:&quot;fadeInLeft&quot;}\" data-widget_type=\"heading.default\">\n\t\t\t\t\t<h2 class=\"elementor-heading-title elementor-size-default\">Ihrem neuen Ort f\u00fcr hochwertige Brillen und echte Handwerkskunst<\/h2>\t\t\t\t<\/div>\n\t\t\t\t<div class=\"elementor-element elementor-element-04d46db elementor-invisible elementor-widget elementor-widget-text-editor\" data-id=\"04d46db\" data-element_type=\"widget\" data-e-type=\"widget\" data-settings=\"{&quot;_animation&quot;:&quot;fadeInUp&quot;,&quot;_animation_delay&quot;:600}\" data-widget_type=\"text-editor.default\">\n\t\t\t\t\t\t\t\t\t<p>Eyeland ist ein Teil unseres Familienunternehmens, das seit \u00fcber 25 Jahren in der Optikbranche verwurzelt ist. Aus dieser langj\u00e4hrigen Erfahrung entstand der Wunsch, unsere eigenen Kreationen aus Gro\u00dfhandel und eigener Produktion nicht nur Fachbetrieben, sondern direkt und pers\u00f6nlich auch Endkundinnen und Endkunden zug\u00e4nglich zu machen.<\/p>\t\t\t\t\t\t\t\t<\/div>\n\t\t\t\t<div class=\"elementor-element elementor-element-abece18 elementor-widget elementor-widget-image\" data-id=\"abece18\" data-element_type=\"widget\" data-e-type=\"widget\" data-widget_type=\"image.default\">\n\t\t\t\t\t\t\t\t\t\t\t\t\t\t\t<img fetchpriority=\"high\" decoding=\"async\" width=\"800\" height=\"640\" src=\"https:\/\/eyeland.at\/wp-content\/uploads\/2025\/11\/Z63_5828-1024x819.jpg\" class=\"attachment-large size-large wp-image-19\" alt=\"\" srcset=\"https:\/\/eyeland.at\/wp-content\/uploads\/2025\/11\/Z63_5828-1024x819.jpg 1024w, https:\/\/eyeland.at\/wp-content\/uploads\/2025\/11\/Z63_5828-300x240.jpg 300w, https:\/\/eyeland.at\/wp-content\/uploads\/2025\/11\/Z63_5828-768x614.jpg 768w, https:\/\/eyeland.at\/wp-content\/uploads\/2025\/11\/Z63_5828-1536x1229.jpg 1536w, https:\/\/eyeland.at\/wp-content\/uploads\/2025\/11\/Z63_5828-2048x1638.jpg 2048w\" sizes=\"(max-width: 800px) 100vw, 800px\" \/>\t\t\t\t\t\t\t\t\t\t\t\t\t\t\t<\/div>\n\t\t\t\t<\/div>\n\t\t\t\t\t<\/div>\n\t\t\t\t<\/div>\n\t\t<div class=\"elementor-element elementor-element-a88fd32 e-flex e-con-boxed e-con e-parent\" data-id=\"a88fd32\" data-element_type=\"container\" data-e-type=\"container\">\n\t\t\t\t\t<div class=\"e-con-inner\">\n\t\t\t\t<div class=\"elementor-element elementor-element-0c2d697 elementor-widget elementor-widget-spacer\" data-id=\"0c2d697\" data-element_type=\"widget\" data-e-type=\"widget\" data-widget_type=\"spacer.default\">\n\t\t\t\t\t\t\t<div class=\"elementor-spacer\">\n\t\t\t<div class=\"elementor-spacer-inner\"><\/div>\n\t\t<\/div>\n\t\t\t\t\t\t<\/div>\n\t\t\t\t\t<\/div>\n\t\t\t\t<\/div>\n\t\t<div class=\"elementor-element elementor-element-60ae091 e-flex e-con-boxed e-con e-parent\" data-id=\"60ae091\" data-element_type=\"container\" data-e-type=\"container\" data-settings=\"{&quot;background_background&quot;:&quot;classic&quot;}\">\n\t\t\t\t\t<div class=\"e-con-inner\">\n\t\t\t\t\t<\/div>\n\t\t\t\t<\/div>\n\t\t<div class=\"elementor-element elementor-element-fd3c651 e-con-full e-flex e-con e-parent\" data-id=\"fd3c651\" data-element_type=\"container\" data-e-type=\"container\" data-settings=\"{&quot;background_background&quot;:&quot;classic&quot;}\">\n\t\t<div class=\"elementor-element elementor-element-e22bcc9 e-con-full e-flex e-con e-child\" data-id=\"e22bcc9\" data-element_type=\"container\" data-e-type=\"container\">\n\t\t\t\t<div class=\"elementor-element elementor-element-24265c0 elementor-invisible elementor-widget elementor-widget-heading\" data-id=\"24265c0\" data-element_type=\"widget\" data-e-type=\"widget\" data-settings=\"{&quot;_animation&quot;:&quot;fadeInLeft&quot;}\" data-widget_type=\"heading.default\">\n\t\t\t\t\t<h2 class=\"elementor-heading-title elementor-size-default\">\nBei uns verbindet sich modernes Design mit traditioneller Handarbeit.<\/h2>\t\t\t\t<\/div>\n\t\t\t\t<div class=\"elementor-element elementor-element-dc95a31 elementor-invisible elementor-widget elementor-widget-text-editor\" data-id=\"dc95a31\" data-element_type=\"widget\" data-e-type=\"widget\" data-settings=\"{&quot;_animation&quot;:&quot;fadeInUp&quot;}\" data-widget_type=\"text-editor.default\">\n\t\t\t\t\t\t\t\t\t<p style=\"font-weight: 400;\">Jede Brille entsteht mit gr\u00f6\u00dfter Sorgfalt \u2013 gepr\u00e4gt von technischem Know-how, feinster Pr\u00e4zision und unserer Leidenschaft f\u00fcr Qualit\u00e4t.<\/p><p style=\"font-weight: 400;\">Wir glauben daran, dass Brillen mehr sind als ein Accessoire. Sie sollen zu Ihrem Stil passen, Ihre Pers\u00f6nlichkeit unterstreichen und sich komfortabel in Ihren Alltag einf\u00fcgen. Deshalb setzen wir auf individuelle Beratung, ma\u00dfgeschneiderte L\u00f6sungen und Produkte, die so einzigartig sind wie die Menschen, die sie tragen.<\/p>\t\t\t\t\t\t\t\t<\/div>\n\t\t\t\t<\/div>\n\t\t<div class=\"elementor-element elementor-element-d33d6b9 e-con-full e-flex elementor-invisible e-con e-child\" data-id=\"d33d6b9\" data-element_type=\"container\" data-e-type=\"container\" data-settings=\"{&quot;background_background&quot;:&quot;classic&quot;,&quot;animation&quot;:&quot;fadeInRight&quot;}\">\n\t\t\t\t<\/div>\n\t\t\t\t<\/div>\n\t\t<div class=\"elementor-element elementor-element-48ac891 e-flex e-con-boxed e-con e-parent\" data-id=\"48ac891\" data-element_type=\"container\" data-e-type=\"container\">\n\t\t\t\t\t<div class=\"e-con-inner\">\n\t\t\t\t<div class=\"elementor-element elementor-element-2c7490a elementor-invisible elementor-widget elementor-widget-heading\" data-id=\"2c7490a\" data-element_type=\"widget\" data-e-type=\"widget\" data-settings=\"{&quot;_animation&quot;:&quot;fadeInUp&quot;}\" data-widget_type=\"heading.default\">\n\t\t\t\t\t<h2 class=\"elementor-heading-title elementor-size-default\">eye\u2022land <\/h2>\t\t\t\t<\/div>\n\t\t\t\t<div class=\"elementor-element elementor-element-2c9785b elementor-invisible elementor-widget elementor-widget-heading\" data-id=\"2c9785b\" data-element_type=\"widget\" data-e-type=\"widget\" data-settings=\"{&quot;_animation&quot;:&quot;fadeInUp&quot;}\" data-widget_type=\"heading.default\">\n\t\t\t\t\t<h2 class=\"elementor-heading-title elementor-size-default\">\"wo Handwerk, Herz und Vision <br>zusammenfinden.\"<\/h2>\t\t\t\t<\/div>\n\t\t\t\t\t<\/div>\n\t\t\t\t<\/div>\n\t\t<div class=\"elementor-element elementor-element-bae8118 e-flex e-con-boxed e-con e-parent\" data-id=\"bae8118\" data-element_type=\"container\" data-e-type=\"container\">\n\t\t\t\t\t<div class=\"e-con-inner\">\n\t\t\t\t<div class=\"elementor-element elementor-element-c8448e8 elementor-widget elementor-widget-google_maps\" data-id=\"c8448e8\" data-element_type=\"widget\" data-e-type=\"widget\" data-widget_type=\"google_maps.default\">\n\t\t\t\t\t\t\t<div class=\"elementor-custom-embed\">\n\t\t\t<iframe loading=\"lazy\"\n\t\t\t\t\tsrc=\"https:\/\/maps.google.com\/maps?q=Ried%20im%20innkreis%2C%20rossmarkt%2022&#038;t=m&#038;z=10&#038;output=embed&#038;iwloc=near\"\n\t\t\t\t\ttitle=\"Ried im innkreis, rossmarkt 22\"\n\t\t\t\t\taria-label=\"Ried im innkreis, rossmarkt 22\"\n\t\t\t><\/iframe>\n\t\t<\/div>\n\t\t\t\t\t\t<\/div>\n\t\t\t\t\t<\/div>\n\t\t\t\t<\/div>\n\t\t<div class=\"elementor-element elementor-element-53ac3da e-flex e-con-boxed e-con e-parent\" data-id=\"53ac3da\" data-element_type=\"container\" data-e-type=\"container\" data-settings=\"{&quot;background_background&quot;:&quot;classic&quot;}\">\n\t\t\t\t\t<div class=\"e-con-inner\">\n\t\t<div class=\"elementor-element elementor-element-8afcfd1 e-con-full e-flex e-con e-child\" data-id=\"8afcfd1\" data-element_type=\"container\" data-e-type=\"container\">\n\t\t\t\t<div class=\"elementor-element elementor-element-799b749 elementor-widget elementor-widget-image\" data-id=\"799b749\" data-element_type=\"widget\" data-e-type=\"widget\" data-widget_type=\"image.default\">\n\t\t\t\t\t\t\t\t\t\t\t\t\t\t\t<img decoding=\"async\" width=\"595\" height=\"841\" src=\"https:\/\/eyeland.at\/wp-content\/uploads\/2025\/11\/logo_eyeland_11.11.2025_final.svg\" class=\"attachment-large size-large wp-image-26\" alt=\"\" \/>\t\t\t\t\t\t\t\t\t\t\t\t\t\t\t<\/div>\n\t\t\t\t<div class=\"elementor-element elementor-element-5f82d41 elementor-widget elementor-widget-heading\" data-id=\"5f82d41\" data-element_type=\"widget\" data-e-type=\"widget\" data-widget_type=\"heading.default\">\n\t\t\t\t\t<h2 class=\"elementor-heading-title elementor-size-default\">Kontakt<\/h2>\t\t\t\t<\/div>\n\t\t\t\t<div class=\"elementor-element elementor-element-e48ee0c elementor-widget elementor-widget-text-editor\" data-id=\"e48ee0c\" data-element_type=\"widget\" data-e-type=\"widget\" data-widget_type=\"text-editor.default\">\n\t\t\t\t\t\t\t\t\t<div class=\"footer-column-content-inner\"><p style=\"font-weight: 400;\">Rossmarkt 22<br \/>4910 Ried im Innkreis<br \/>Mail:<span style=\"color: #e3c668;\"> <a style=\"color: #e3c668;\" href=\"mailto:info@eyeland.at\">info@eyeland.at<\/a><\/span><br \/>Tel: <span style=\"color: #e3c668;\"><a style=\"color: #e3c668;\" href=\"tel:+43 676 83 507 509\">+43 676 83 507 509<\/a><\/span><\/p><\/div>\t\t\t\t\t\t\t\t<\/div>\n\t\t\t\t<\/div>\n\t\t<div class=\"elementor-element elementor-element-daa5616 e-con-full e-flex e-con e-child\" data-id=\"daa5616\" data-element_type=\"container\" data-e-type=\"container\">\n\t\t\t\t<div class=\"elementor-element elementor-element-308bead elementor-widget elementor-widget-heading\" data-id=\"308bead\" data-element_type=\"widget\" data-e-type=\"widget\" data-widget_type=\"heading.default\">\n\t\t\t\t\t<h2 class=\"elementor-heading-title elementor-size-default\">\u00d6ffnungszeiten<br> AB J\u00e4nner:<\/h2>\t\t\t\t<\/div>\n\t\t\t\t<div class=\"elementor-element elementor-element-158c400 elementor-widget elementor-widget-text-editor\" data-id=\"158c400\" data-element_type=\"widget\" data-e-type=\"widget\" data-widget_type=\"text-editor.default\">\n\t\t\t\t\t\t\t\t\t<div class=\"footer-column-content-inner\">\n<p class=\"xxmsonormal\"><u>Dienstag &amp;&nbsp; Donnerstag:<br><\/u>09:00 bis 12:30 und 13:30 bis 18:00 Uhr<\/p>\n<p class=\"xxmsonormal\"><u>Mittwoch: <br><\/u>09:00 bis 13:00 Uhr<\/p>\n<p class=\"xxmsonormal\">Termine nach Vereinbarung (auch au\u00dferhalb der \u00d6ffnungszeiten).<\/p>\n<p class=\"xxmsonormal\"><br><\/p>\n<\/div>\t\t\t\t\t\t\t\t<\/div>\n\t\t\t\t<\/div>\n\t\t<div class=\"elementor-element elementor-element-d960caa e-con-full e-flex e-con e-child\" data-id=\"d960caa\" data-element_type=\"container\" data-e-type=\"container\">\n\t\t\t\t<div class=\"elementor-element elementor-element-7b1f55c elementor-widget elementor-widget-heading\" data-id=\"7b1f55c\" data-element_type=\"widget\" data-e-type=\"widget\" data-widget_type=\"heading.default\">\n\t\t\t\t\t<h2 class=\"elementor-heading-title elementor-size-default\">Rechtliches<\/h2>\t\t\t\t<\/div>\n\t\t\t\t<div class=\"elementor-element elementor-element-58af490 elementor-widget elementor-widget-heading\" data-id=\"58af490\" data-element_type=\"widget\" data-e-type=\"widget\" data-widget_type=\"heading.default\">\n\t\t\t\t\t<h2 class=\"elementor-heading-title elementor-size-default\"><a href=\"https:\/\/eyeland.at\/?page_id=3\">\u2013 Datenschutzerkl\u00e4rung<\/a><\/h2>\t\t\t\t<\/div>\n\t\t\t\t<div class=\"elementor-element elementor-element-b7dd100 elementor-widget elementor-widget-heading\" data-id=\"b7dd100\" data-element_type=\"widget\" data-e-type=\"widget\" data-widget_type=\"heading.default\">\n\t\t\t\t\t<h2 class=\"elementor-heading-title elementor-size-default\"><a href=\"https:\/\/eyeland.at\/?page_id=193\">\u2013 Impressum<\/a><\/h2>\t\t\t\t<\/div>\n\t\t\t\t<\/div>\n\t\t\t\t\t<\/div>\n\t\t\t\t<\/div>\n\t\t\t\t<\/div>\n\t\t","protected":false},"excerpt":{"rendered":"<p>Ihre Insel f\u00fcr gutes Sehen.<\/p>\n","protected":false},"author":2,"featured_media":0,"parent":0,"menu_order":0,"comment_status":"closed","ping_status":"open","template":"","meta":{"footnotes":""},"class_list":["post-9","page","type-page","status-publish","hentry"],"_links":{"self":[{"href":"https:\/\/eyeland.at\/index.php?rest_route=\/wp\/v2\/pages\/9","targetHints":{"allow":["GET"]}}],"collection":[{"href":"https:\/\/eyeland.at\/index.php?rest_route=\/wp\/v2\/pages"}],"about":[{"href":"https:\/\/eyeland.at\/index.php?rest_route=\/wp\/v2\/types\/page"}],"author":[{"embeddable":true,"href":"https:\/\/eyeland.at\/index.php?rest_route=\/wp\/v2\/users\/2"}],"replies":[{"embeddable":true,"href":"https:\/\/eyeland.at\/index.php?rest_route=%2Fwp%2Fv2%2Fcomments&post=9"}],"version-history":[{"count":226,"href":"https:\/\/eyeland.at\/index.php?rest_route=\/wp\/v2\/pages\/9\/revisions"}],"predecessor-version":[{"id":280,"href":"https:\/\/eyeland.at\/index.php?rest_route=\/wp\/v2\/pages\/9\/revisions\/280"}],"wp:attachment":[{"href":"https:\/\/eyeland.at\/index.php?rest_route=%2Fwp%2Fv2%2Fmedia&parent=9"}],"curies":[{"name":"wp","href":"https:\/\/api.w.org\/{rel}","templated":true}]}}